{"id":18,"date":"2021-01-22T18:46:05","date_gmt":"2021-01-23T00:46:05","guid":{"rendered":"http:\/\/mi-pagina-web.superaciondigital.com\/?page_id=18"},"modified":"2021-01-29T20:12:22","modified_gmt":"2021-01-30T02:12:22","slug":"quien-es-mi-pagina-web","status":"publish","type":"page","link":"https:\/\/mi-pagina-web.superaciondigital.com\/index.php\/quien-es-mi-pagina-web\/","title":{"rendered":"\u00bfQuien es Mi Pagina Web?"},"content":{"rendered":"\n<h2>MI PAGINA WEB (DOMINIO, WEB HOSTING Y OPTIMIZACION)<\/h2>\n\n\n<p style=\"padding-left: 20px;\">&nbsp;&nbsp; &nbsp; <span style=\"font-weight: bold;\"><span style=\"font-style: italic;\">Mi <a title=\"Mi Pagina Web Inicio\" href=\"\/mi-pagina-web\">Pagina Web<\/a> Superaci\u00f3n Digital<\/span><\/span>, surge de la Gran Necesidad que tienen los Emprendedores de Iniciar su Presencia Efectiva y Real en la <span style=\"font-weight: bold;\"><span style=\"font-style: italic;\">Web<\/span><\/span>.<\/p>\n<p><img loading=\"lazy\" class=\"size-full wp-image-52 alignleft\" src=\"http:\/\/mi-pagina-web.superaciondigital.com\/wp-content\/uploads\/2021\/01\/shutterstock_32050237-2.jpg\" alt=\"Mi pagina web barata**\" width=\"262\" height=\"175\"><\/p>\n<p style=\"padding-left: 20px;\">&nbsp; &nbsp;Esta clara Necesidad no ha podido ser Cubierta por que Existen demasiados Servicios de <a title=\"Conoce m\u00e1s de Dise\u00f1o y Hospedaje\" href=\"\/seo-optimizar-preguntas\">Dise\u00f1o, Hospedaje<\/a> <span style=\"font-weight: bold;\"><span style=\"font-style: italic;\">y <a title=\"Optimizaci\u00f3n - Explicaci\u00f3n\" href=\"\/mi-pagina-web\">Optimizaci\u00f3n<\/a> de P\u00e1ginas Web<\/span><\/span>. Existen Muchos servicios que son muy Malos y Otros que cuentan con un Servicio Aceptable o Excelente pero su Precio es Verdaderamente Exorbitante.<\/p>\n<p style=\"padding-left: 20px;\">&nbsp;&nbsp; &nbsp;Este sitio es Creado para ti, que tienes esa Necesidad de Impulsar tu Negocio al Ciberespacio y Llegar a m\u00e1s Clientes Potenciales, sin Importar la Distancia o el Tiempo. Esta Opci\u00f3n ha Nacido con este claro y \u00fanico &nbsp;Objetivo.&nbsp;<\/p>\n<p style=\"padding-left: 20px;\">&nbsp;&nbsp;Brindar el a los Emprendedores Peque\u00f1os y Medianos; &nbsp;Productos y Servicios de la Mejor Calidad y Eficiencia a un Precio Realmente Accesible.<\/p>\n<p style=\"padding-left: 20px;\">\n<\/p><p><img loading=\"lazy\" class=\"wp-image-65 size-medium alignright\" src=\"http:\/\/mi-pagina-web.superaciondigital.com\/wp-content\/uploads\/2021\/01\/Mundo-300x292.jpg\" alt=\"Mi pagina web seo mundial\" width=\"300\" height=\"292\" srcset=\"https:\/\/mi-pagina-web.superaciondigital.com\/wp-content\/uploads\/2021\/01\/Mundo-300x292.jpg 300w, https:\/\/mi-pagina-web.superaciondigital.com\/wp-content\/uploads\/2021\/01\/Mundo-1024x996.jpg 1024w, https:\/\/mi-pagina-web.superaciondigital.com\/wp-content\/uploads\/2021\/01\/Mundo-768x747.jpg 768w, https:\/\/mi-pagina-web.superaciondigital.com\/wp-content\/uploads\/2021\/01\/Mundo-1536x1494.jpg 1536w, https:\/\/mi-pagina-web.superaciondigital.com\/wp-content\/uploads\/2021\/01\/Mundo.jpg 1596w\" sizes=\"(max-width: 300px) 100vw, 300px\" \/><\/p>\n<p style=\"padding-left: 20px;\">Nuestro Servicios son Los m\u00e1s <span style=\"font-weight: bold;\"><span style=\"font-style: italic;\">\u00d3ptimos<\/span><\/span> y Accesibles del Mercado, ya que podr\u00e1s Obtener Resultados Palpables y Cuantificables. No te conformes con tener un Lindo <a title=\"Revisa las Opciones Web que Tienes a tu Alcance\" href=\"\/mi-pagina-web\">Sitio Web<\/a> al cual Nadie Visita, porque no puede ser Encontrado, ya que al <span style=\"font-weight: bold;\"><span style=\"font-style: italic;\">Dise\u00f1arlo<\/span><\/span>, nunca fu\u00e9 <span style=\"font-weight: bold;\"><span style=\"font-style: italic;\">Optimizado<\/span><\/span>. Esto No te Podr\u00e1 generar ninguna oportunidad nueva de Negocio.<\/p>\n<p style=\"padding-left: 20px;\">&nbsp;&nbsp; &nbsp; &nbsp; Sabemos de la Necesidad que Tienen los Emprendedores como T\u00fa, en donde necesitan Realizar Inversiones que sean Rentables, ya que los recursos son Limitados. Esta es una Verdadera Oportunidad para poder Iniciar ese Proyecto que has Postergado por Tanto Tiempo.<\/p>\n<p style=\"padding-left: 20px;\">&nbsp;&nbsp; Esperamos contar con tu Preferencia muy pronto para que puedas Comprobar todo esto por ti mismo.<\/p>\n<p style=\"padding-left: 20px;\">\n<\/p><p style=\"padding-left: 60px;\">Gracias<\/p>\n\n\n<p><\/p>\n","protected":false},"excerpt":{"rendered":"<p>MI PAGINA WEB (DOMINIO, WEB HOSTING Y OPTIMIZACION) &nbsp;&nbsp; &nbsp; Mi Pagina Web Superaci\u00f3n Digital, surge de la Gran Necesidad que tienen los Emprendedores de Iniciar su Presencia Efectiva y Real en la Web. &nbsp; &nbsp;Esta clara Necesidad no ha podido ser Cubierta por que Existen demasiados Servicios de Dise\u00f1o, Hospedaje y Optimizaci\u00f3n de P\u00e1ginas [&hellip;]<\/p>\n","protected":false},"author":1,"featured_media":0,"parent":0,"menu_order":0,"comment_status":"closed","ping_status":"closed","template":"","meta":[],"yoast_head":"<!-- This site is optimized with the Yoast SEO plugin v15.7 - https:\/\/yoast.com\/wordpress\/plugins\/seo\/ -->\n<meta name=\"description\" content=\"Obten Tu Pagina Web con Hosting y Dominio Incluidos. Adem\u00e1s Optimizados para los Buscadores. Todo a un Precio Bajo.\" \/>\n<meta name=\"robots\" content=\"index, follow, max-snippet:-1, max-image-preview:large, max-video-preview:-1\" \/>\n<link rel=\"canonical\" href=\"https:\/\/mi-pagina-web.superaciondigital.com\/index.php\/quien-es-mi-pagina-web\/\" \/>\n<meta property=\"og:locale\" content=\"es_ES\" \/>\n<meta property=\"og:type\" content=\"article\" \/>\n<meta property=\"og:title\" content=\"\u00bfQuien es Mi Pagina Web? - Mi Pagina Web\" \/>\n<meta property=\"og:description\" content=\"Obten Tu Pagina Web con Hosting y Dominio Incluidos. Adem\u00e1s Optimizados para los Buscadores. Todo a un Precio Bajo.\" \/>\n<meta property=\"og:url\" content=\"https:\/\/mi-pagina-web.superaciondigital.com\/index.php\/quien-es-mi-pagina-web\/\" \/>\n<meta property=\"og:site_name\" content=\"Mi Pagina Web\" \/>\n<meta property=\"article:modified_time\" content=\"2021-01-30T02:12:22+00:00\" \/>\n<meta property=\"og:image\" content=\"http:\/\/mi-pagina-web.superaciondigital.com\/wp-content\/uploads\/2021\/01\/shutterstock_32050237-2.jpg\" \/>\n<meta name=\"twitter:card\" content=\"summary_large_image\" \/>\n<meta name=\"twitter:label1\" content=\"Tiempo de lectura\">\n\t<meta name=\"twitter:data1\" content=\"2 minutos\">\n<script type=\"application\/ld+json\" class=\"yoast-schema-graph\">{\"@context\":\"https:\/\/schema.org\",\"@graph\":[{\"@type\":[\"Person\",\"Organization\"],\"@id\":\"https:\/\/mi-pagina-web.superaciondigital.com\/#\/schema\/person\/26f6d3622d5c59a477c85dbc203fb8a6\",\"name\":\"JuanGonzalez\",\"image\":{\"@type\":\"ImageObject\",\"@id\":\"https:\/\/mi-pagina-web.superaciondigital.com\/#personlogo\",\"inLanguage\":\"es\",\"url\":\"https:\/\/secure.gravatar.com\/avatar\/f8a642bf8a0d23b0694fc85caf2bee0c?s=96&d=mm&r=g\",\"caption\":\"JuanGonzalez\"},\"logo\":{\"@id\":\"https:\/\/mi-pagina-web.superaciondigital.com\/#personlogo\"},\"sameAs\":[\"http:\/\/mi-pagina-web.superaciondigital.com\"]},{\"@type\":\"WebSite\",\"@id\":\"https:\/\/mi-pagina-web.superaciondigital.com\/#website\",\"url\":\"https:\/\/mi-pagina-web.superaciondigital.com\/\",\"name\":\"Mi Pagina Web\",\"description\":\"Dominio, Hosting y Optimizaci\\u00f3n al Mejor Precio\",\"publisher\":{\"@id\":\"https:\/\/mi-pagina-web.superaciondigital.com\/#\/schema\/person\/26f6d3622d5c59a477c85dbc203fb8a6\"},\"potentialAction\":[{\"@type\":\"SearchAction\",\"target\":\"https:\/\/mi-pagina-web.superaciondigital.com\/?s={search_term_string}\",\"query-input\":\"required name=search_term_string\"}],\"inLanguage\":\"es\"},{\"@type\":\"ImageObject\",\"@id\":\"https:\/\/mi-pagina-web.superaciondigital.com\/index.php\/quien-es-mi-pagina-web\/#primaryimage\",\"inLanguage\":\"es\",\"url\":\"http:\/\/mi-pagina-web.superaciondigital.com\/wp-content\/uploads\/2021\/01\/shutterstock_32050237-2.jpg\"},{\"@type\":\"WebPage\",\"@id\":\"https:\/\/mi-pagina-web.superaciondigital.com\/index.php\/quien-es-mi-pagina-web\/#webpage\",\"url\":\"https:\/\/mi-pagina-web.superaciondigital.com\/index.php\/quien-es-mi-pagina-web\/\",\"name\":\"\\u00bfQuien es Mi Pagina Web? - Mi Pagina Web\",\"isPartOf\":{\"@id\":\"https:\/\/mi-pagina-web.superaciondigital.com\/#website\"},\"primaryImageOfPage\":{\"@id\":\"https:\/\/mi-pagina-web.superaciondigital.com\/index.php\/quien-es-mi-pagina-web\/#primaryimage\"},\"datePublished\":\"2021-01-23T00:46:05+00:00\",\"dateModified\":\"2021-01-30T02:12:22+00:00\",\"description\":\"Obten Tu Pagina Web con Hosting y Dominio Incluidos. Adem\\u00e1s Optimizados para los Buscadores. Todo a un Precio Bajo.\",\"inLanguage\":\"es\",\"potentialAction\":[{\"@type\":\"ReadAction\",\"target\":[\"https:\/\/mi-pagina-web.superaciondigital.com\/index.php\/quien-es-mi-pagina-web\/\"]}]}]}<\/script>\n<!-- \/ Yoast SEO plugin. -->","_links":{"self":[{"href":"https:\/\/mi-pagina-web.superaciondigital.com\/index.php\/wp-json\/wp\/v2\/pages\/18"}],"collection":[{"href":"https:\/\/mi-pagina-web.superaciondigital.com\/index.php\/wp-json\/wp\/v2\/pages"}],"about":[{"href":"https:\/\/mi-pagina-web.superaciondigital.com\/index.php\/wp-json\/wp\/v2\/types\/page"}],"author":[{"embeddable":true,"href":"https:\/\/mi-pagina-web.superaciondigital.com\/index.php\/wp-json\/wp\/v2\/users\/1"}],"replies":[{"embeddable":true,"href":"https:\/\/mi-pagina-web.superaciondigital.com\/index.php\/wp-json\/wp\/v2\/comments?post=18"}],"version-history":[{"count":6,"href":"https:\/\/mi-pagina-web.superaciondigital.com\/index.php\/wp-json\/wp\/v2\/pages\/18\/revisions"}],"predecessor-version":[{"id":86,"href":"https:\/\/mi-pagina-web.superaciondigital.com\/index.php\/wp-json\/wp\/v2\/pages\/18\/revisions\/86"}],"wp:attachment":[{"href":"https:\/\/mi-pagina-web.superaciondigital.com\/index.php\/wp-json\/wp\/v2\/media?parent=18"}],"curies":[{"name":"wp","href":"https:\/\/api.w.org\/{rel}","templated":true}]}}