{"id":20,"date":"2021-01-22T18:47:23","date_gmt":"2021-01-23T00:47:23","guid":{"rendered":"http:\/\/mi-pagina-web.superaciondigital.com\/?page_id=20"},"modified":"2021-01-22T21:05:05","modified_gmt":"2021-01-23T03:05:05","slug":"faqs-hosting-dominio-y-optimizacion","status":"publish","type":"page","link":"https:\/\/mi-pagina-web.superaciondigital.com\/index.php\/faqs-hosting-dominio-y-optimizacion\/","title":{"rendered":"FAQS Hosting, Dominio y Optimizaci\u00f3n"},"content":{"rendered":"\n<h2>PREGUNTAS SOBRE MI PAGINA WEB, DOMINIO, &nbsp;HOSTING Y OPTIMIZACION<\/h2>\n\n\n\n<div class=\"wp-block-columns\">\n<div class=\"wp-block-column\" style=\"flex-basis:66.66%\">\n<p>&nbsp;&nbsp;Esta secci\u00f3n esta creada para Resolver las Preguntas m\u00e1s Frecuentes Relacionas con:<\/p>\n\n\n\n<p>&nbsp;<a href=\"\/mi-pagina-web\">www.mi-pagina-web.superaciondigital.com<\/a><em>&nbsp;<\/em><\/p>\n\n\n\n<p>&nbsp;&nbsp; &nbsp; &nbsp;Revisa si en esta Base&nbsp;de datos se encuentra tu Pregunta o de lo contrario Puedes mandarnos tu Inquietud y ser\u00e1 contestada a la Brevedad.<\/p>\n<\/div>\n\n\n\n<div class=\"wp-block-column\" style=\"flex-basis:33.33%\">\n<div class=\"wp-block-image\"><figure class=\"alignleft size-large\"><img loading=\"lazy\" width=\"192\" height=\"150\" src=\"http:\/\/mi-pagina-web.superaciondigital.com\/wp-content\/uploads\/2021\/01\/Tablet7-Preguntas-2.jpg\" alt=\"FAQS mi pgina web\" class=\"wp-image-53\"\/><\/figure><\/div>\n<\/div>\n<\/div>\n\n\n\n<a id=\"iniciopreguntas\" name=\"iniciopreguntas\"><\/a>\n<p><h2>PREGUNTAS<\/h2><br \/>\n\n<a href=\"#p1\">P1.\u00bfQu\u00e9 es un Dominio?<\/a><br \/>\n<a href=\"#p2\">P2.\u00bfCu\u00e1l es la diferencia entre un .com y un .com.mx?<\/a><br \/>\n<a href=\"#p3\">P3.\u00bfQu\u00e9 es el Web Hosting \u201c Hospedaje\u201d?<\/a><br \/>\n<a href=\"#p4\">P4.\u00bfPuedo Personalizar mi Pagina Web con los Colores que yo deseo?<\/a><br \/>\n<a href=\"#p5\">P5.\u00bfTengo que cubrir una cuota mensual para mantener mi Pagina Web funcionando?<\/a><br \/>\n<a href=\"#p6\">P6.\u00bfEl Pago se hace en una Exhibici\u00f3n?<\/a><br \/>\n<a href=\"#p7\">P7.\u00bfEn cu\u00e1nto tiempo queda lista mi Pagina Web?<\/a><br \/>\n<a href=\"#p8\">P8. &nbsp;No se cuales Secciones debe llevar mi Pagina Web \u00bfUstedes me pueden orientar?<\/a><br \/>\n<a href=\"#p9\">P9.\u00bfC\u00f3mo les env\u00edo la informaci\u00f3n?<\/a><br \/>\n<a href=\"#p10\">P10.\u00bfQu\u00e9 formas de pago Aceptan?<\/a><br \/>\n<a href=\"#p11\">P11.\u00bfAl Liquidar el Proyecto de mi P\u00e1gina Web, aparecer\u00e9 Inmediatamente en los Resultados de Google?<\/a><br \/>\n<a href=\"#p12\">P12.\u00bfUstedes me Garantizan Aparecer en la Primera P\u00e1gina de Resultados de Google en 8 Semanas?<\/a><br \/>\n<br \/><\/p>\n\n\n\n<a id=\"p1\" name=\"p1\"><\/a> <span style=\"color: #3366ff;\"><br><\/span>\n\n<h2><span style=\"color: #3366ff;\">RESPUESTAS<\/span><\/h2><span style=\"color: #3366ff;\"><br>\n<br>\nP1.\u00bfQu\u00e9 es un <span style=\"font-weight: bold;\"><span style=\"font-style: italic;\">Dominio<\/span><\/span>?<br>\n<br><\/span>\n\n<p style=\"padding-left: 20px;\"><span style=\"color: #3366ff;\">&nbsp;&nbsp; &nbsp; &nbsp; &nbsp;<span style=\"color: #000000;\">El <span style=\"font-weight: bold;\"><span style=\"font-style: italic;\">Dominio<\/span><\/span> es la Direcci\u00f3n del <span style=\"font-weight: bold;\"><span style=\"font-style: italic;\">Sitio<\/span><\/span> y es la forma en que te van a encontrar los Usuarios de <span style=\"font-weight: bold;\"><span style=\"font-style: italic;\">Internet<\/span><\/span>. Un <span style=\"font-weight: bold;\"><span style=\"font-style: italic;\">Dominio<\/span><\/span> puede ser el siguiente: www.<a href=\"\/mi-pagina-web\" title=\"Revisa los Paquetes - Inicio\">mi-pagina-web<\/a><span style=\"font-weight: bold;\"><span style=\"font-style: italic;\"><\/span><\/span>.superaciondigital.com . Este sistema fue creado con la finalidad de hacer m\u00e1s memorizables y f\u00e1ciles de encontrar las <span style=\"font-weight: bold;\"><span style=\"font-style: italic;\"><span style=\"font-weight: normal;\"><span style=\"font-style: normal;\">Direcciones de los<\/span><\/span> Sitios Web<\/span><\/span>, ya que de otro modo se tendr\u00eda que Ingresar con la Direcci\u00f3n IP que est\u00e1 basada en d\u00edgitos y puntos. El <span style=\"font-weight: bold;\"><span style=\"font-style: italic;\">Dominio<\/span><\/span> es \u00danico y no puede existir otro igual para la misma Direccion IP. Los <span style=\"font-weight: bold;\"><span style=\"font-style: italic;\">Dominios<\/span><\/span> pueden ser iguales y tener una terminaci\u00f3n diferente. Algunas terminaciones son: .com , .com.mx, .mx, .net, .org por citar algunos.<\/span><\/span><\/p>\n\n<p style=\"padding-left: 30px;\"><a href=\"#iniciopreguntas\">Ir al inicio<\/a><\/p>\n\n<p style=\"padding-left: 30px;\"><br><\/p><a id=\"p2\" name=\"p2\"><\/a> <span style=\"color: #3366ff;\">P2.\u00bfCu\u00e1l es la diferencia entre un <span style=\"font-weight: bold;\"><span style=\"font-style: italic;\">Dominio<\/span><\/span> .com y un .com.mx? \u00bfCu\u00e1l es mejor?<br>\n<br><\/span>\n\n<p style=\"padding-left: 20px;\">&nbsp;&nbsp; &nbsp; &nbsp; &nbsp;La terminaci\u00f3n del <span style=\"font-weight: bold;\"><span style=\"font-style: italic;\">Dominio<\/span><\/span> nos indica ya sea el giro de la p\u00e1gina o bien la ubicaci\u00f3n donde se encuentra el negocio o el mercado que se desea abarcar. Si nuestro Negocio es solo en M\u00e9xico, se recomienda utilizar un <span style=\"font-weight: bold;\"><span style=\"font-style: italic;\">Dominio<\/span><\/span> con terminaci\u00f3n .com.mx . Si por el contrario nuestro negocio se extiende por varias Regiones Internacionales, es recomendable usar un <span style=\"font-weight: bold;\"><span style=\"font-style: italic;\">Dominio<\/span><\/span> como el .com o .net por ejemplo.<span style=\"color: #3366ff;\"><span style=\"color: #000000;\"><\/span><\/span><\/p>\n\n<p style=\"padding-left: 30px;\"><a href=\"#iniciopreguntas\">Ir al inicio<\/a><\/p>\n\n<p style=\"padding-left: 30px;\"><br><\/p><a id=\"p3\" name=\"p3\"><\/a> <span style=\"color: #3366FF;\">P3.\u00bfQu\u00e9 es el <span style=\"font-weight: bold;\"><span style=\"font-style: italic;\">Web Hosting \u201c Hospedaje\u201d<\/span><\/span>?<br>\n<br><\/span>\n\n<p style=\"padding-left: 20px;\"><span style=\"color: #3366ff;\"><span style=\"color: #000000;\"><\/span><\/span><\/p>\n\n<p style=\"padding-left: 20px;\">&nbsp;&nbsp; &nbsp; &nbsp; El <span style=\"font-weight: bold;\"><span style=\"font-style: italic;\">Web Hosting<\/span><\/span> es una palabra del Ingl\u00e9s, que significa el <span style=\"font-weight: bold;\"><span style=\"font-style: italic;\">Hospedaje o Alojamiento<\/span><\/span> de nuestro <span style=\"font-weight: bold;\"><span style=\"font-style: italic;\">Sitio Web<\/span><\/span>. Como su Nombre lo Indica es el lugar exclusivo reservado para nuestro <span style=\"font-weight: bold;\"><span style=\"font-style: italic;\">Sitio o P\u00e1gina Web<\/span><\/span>. Este lugar nos permite tener la oportunidad de tener cuentas de correo electr\u00f3nico personalizadas, ejemplo :<\/p>\n\n<p style=\"padding-left: 60px;\">ventas@ <span style=\"font-weight: bold;\"><span style=\"font-style: italic;\">mi-pagina-web<\/span><\/span>.superaciondigital.com&nbsp;<\/p>\n\n<p style=\"padding-left: 20px;\">&nbsp;&nbsp; &nbsp; Como ves el Lugar ( <span style=\"font-weight: bold;\"><span style=\"font-style: italic;\">Web Hosting<\/span><\/span>) y la Direcci\u00f3n ( <span style=\"font-weight: bold;\"><span style=\"font-style: italic;\">Dominio<\/span><\/span> ), son Absolutamente Indispensables para poder visualizar una <span style=\"font-weight: bold;\"><span style=\"font-style: italic;\">P\u00e1gina Web o Sitio Web<\/span><\/span>. Estos Servicios son Contratados Generalmente de manera Anual, como es Nuestro caso.<br><\/p>\n\n<p style=\"padding-left: 30px;\"><a href=\"#iniciopreguntas\">Ir al inicio<\/a><\/p>\n\n<p style=\"padding-left: 30px;\"><br><\/p><a id=\"p4\" name=\"p4\"><\/a> <span style=\"color: #3366FF;\">P4.\u00bfPuedo Personalizar mi <span style=\"font-weight: bold;\"><span style=\"font-style: italic;\">Pagina Web<\/span><\/span> con los Colores que yo deseo?<br>\n<br><\/span>\n\n<p style=\"padding-left: 20px;\"><span style=\"color: #3366ff;\"><span style=\"color: #000000;\">&nbsp;&nbsp; &nbsp; &nbsp; &nbsp; Si. Los <span style=\"font-weight: bold;\"><span style=\"font-style: italic;\">Dise\u00f1os<\/span><\/span> se hacen en base a las necesidades espec\u00edficas de nuestros Clientes.<\/span><\/span><\/p>\n\n<p style=\"padding-left: 30px;\"><a href=\"#iniciopreguntas\">Ir al inicio<\/a><\/p>\n\n<p style=\"padding-left: 30px;\"><br><\/p><a id=\"p5\" name=\"p5\"><\/a> <span style=\"color: #3366FF;\">P5.\u00bfTengo que cubrir una cuota mensual para mantener mi <span style=\"font-weight: bold;\"><span style=\"font-style: italic;\">Pagina Web<\/span><\/span> funcionando?<\/span>\n\n<p style=\"padding-left: 20px;\"><span style=\"color: #3366ff;\"><span style=\"color: #000000;\">&nbsp;&nbsp; &nbsp; &nbsp; &nbsp;Definitivamente No. El Pago es \u00danico y es para un periodo de Un A\u00f1o.<\/span><\/span><\/p>\n\n<p style=\"padding-left: 30px;\"><a href=\"#iniciopreguntas\">Ir al inicio<\/a><\/p>\n\n<p style=\"padding-left: 30px;\"><br><\/p><a id=\"p6\" name=\"p6\"><\/a> <span style=\"color: #3366FF;\">P6.\u00bfEl Pago se hace en una Exhibici\u00f3n?<\/span>\n\n<p style=\"padding-left: 20px;\"><span style=\"color: #3366ff;\"><span style=\"color: #000000;\">&nbsp;&nbsp; &nbsp; &nbsp; Si se Puede hacer en una sola Exhibici\u00f3n ya sea por pay Pal Dep\u00f3sito o Transferencia Bancaria. Tambi\u00e9n existe la Opci\u00f3n de Realizar un Anticipo del 50% al Iniciar el Proyecto y el Otro 50% a la Entrega del Mismo. Esto se hace mediante un Dep\u00f3sito o Transferencia Electr\u00f3nica de Fondos; esta Opci\u00f3n se puede Utilizar si estas dentro de la Rep\u00fablica Mexicana. Si estas fuera de la Rep\u00fablica Mexicana, contactanos para Ofrecerte Otras Opciones de Pago Off Line.<\/span><\/span><\/p>\n\n<p style=\"padding-left: 30px;\"><a href=\"#iniciopreguntas\">Ir al inicio<\/a><\/p>\n\n<p style=\"padding-left: 30px;\"><br><\/p><a id=\"p7\" name=\"p7\"><\/a> <span style=\"color: #3366FF;\">P7.\u00bfEn cu\u00e1nto tiempo queda lista mi <span style=\"font-weight: bold;\"><span style=\"font-style: italic;\">Pagina Web<\/span><\/span>?<\/span>\n\n<p style=\"padding-left: 20px;\"><span style=\"color: #3366ff;\"><span style=\"color: #000000;\"><\/span><\/span><\/p>\n\n<p class=\"MsoNormal\" style=\"margin-bottom: 0.0001pt; padding-left: 20px;\">&nbsp;&nbsp; &nbsp; &nbsp; Nosotros le Informaremos de los avances de su Proyecto o <span style=\"font-weight: bold;\"><span style=\"font-style: italic;\">P\u00e1gina Web<\/span><\/span> v\u00eda&nbsp; correo electr\u00f3nico.&nbsp; El Trabajo se <span style=\"font-weight: bold;\"><span style=\"font-style: italic;\">Hospeda<\/span><\/span> en un <span style=\"font-weight: bold;\"><span style=\"font-style: italic;\">Dominio<\/span><\/span> Provisional para que se puedan ver los avances. Cuando el Proyecto es Autorizado y Liquidado al 100% se contratan los Servicios de <span style=\"font-weight: bold;\"><span style=\"font-style: italic;\">Dominio<\/span><\/span> y <span style=\"font-weight: bold;\"><span style=\"font-style: italic;\">Web Hosting \u201cHospedaje\u201d<\/span><\/span>&nbsp; y&nbsp; se muda la P\u00e1gina Definitivamente. En la Cotizaci\u00f3n podr\u00e1 saber del tiempo de entrega espec\u00edfico para su proyecto;&nbsp;&nbsp; ya que esto puede variar de acuerdo al tipo de proyecto y carga de trabajo existente en ese momento. Te garantizamos ofrecerte siempre un Servicio Excelente, ya nuestra Misi\u00f3n es Impulsar tu Negocio para Generar RElaciones a largo Plazo.<\/p>\n\n<p style=\"padding-left: 30px;\"><a href=\"#iniciopreguntas\">Ir al inicio<\/a><\/p>\n\n<p style=\"padding-left: 30px;\"><br><\/p><a id=\"p8\" name=\"p8\"><\/a> <span style=\"color: #3366FF;\">P8.&nbsp;No se cuales Secciones debe llevar mi <span style=\"font-weight: bold;\"><span style=\"font-style: italic;\">Pagina Web<\/span><\/span> \u00bf Ustedes me pueden orientar?<\/span>\n\n<p style=\"padding-left: 20px;\"><span style=\"color: #3366ff;\"><span style=\"color: #000000;\">&nbsp;&nbsp; &nbsp; &nbsp;Claro que si te podemos Orientar. Para eso necesitamos conocer su Giro y sus Necesidades Espec\u00edficas que tengas. En base a eso podemos Hacerte una Sugerencia de las Secciones m\u00e1s Adecuadas para tu Negocio.<\/span><\/span><\/p>\n\n<p style=\"padding-left: 30px;\"><a href=\"#iniciopreguntas\">Ir al inicio<\/a><\/p>\n\n<p style=\"padding-left: 30px;\"><br><\/p><a id=\"p9\" name=\"p9\"><\/a> <span style=\"color: #3366FF;\">P9.\u00bfC\u00f3mo les env\u00edo la informaci\u00f3n para &nbsp;construir mi <span style=\"font-weight: bold;\"><span style=\"font-style: italic;\">P\u00e1gina Web<\/span><\/span>?<\/span>\n\n<p style=\"padding-left: 20px;\"><span style=\"color: #3366ff;\"><span style=\"color: #000000;\"><\/span><\/span><\/p>\n\n<p style=\"padding-left: 20px;\">&nbsp;&nbsp; &nbsp; &nbsp; Toda la Informaci\u00f3n que desea Agregar a su <a href=\"\/webhost-contacto\" title=\"Env\u00edame la Informaci\u00f3n - cantacto\">P\u00e1gina Web<\/a><span style=\"font-weight: bold;\"><span style=\"font-style: italic;\"><\/span><\/span>, debe ser enviada a Nustro Correo electr\u00f3nico de la siguiente forma:<\/p>\n\n<p style=\"padding-left: 20px;\">Informaci\u00f3n del Contenido de la <span style=\"font-weight: bold;\"><span style=\"font-style: italic;\">P\u00e1gina<\/span><\/span> en un archivo de WORD.<\/p>\n\n<p style=\"padding-left: 20px;\">Las Fotogr\u00e1fias deben ser enviadas en los siguientes Formatos: jpg, png, bmp, psd o gif .<\/p>\n\n<p style=\"padding-left: 20px;\">&nbsp;&nbsp; &nbsp; &nbsp; &nbsp; Nuestro servicio no incluimos la Edici\u00f3n y\/o Redacci\u00f3n de Informaci\u00f3n; a menos de que la <span style=\"font-weight: bold;\"><span style=\"font-style: italic;\">Optimizaci\u00f3n<\/span><\/span> as\u00ed lo Requiera; es decir que nosotros partiremos de una Base de Informaci\u00f3n Poporcionada por el Cliente.&nbsp;<\/p>\n\n<p style=\"padding-left: 20px;\">&nbsp;&nbsp; Posteriormente los contenidos pueden ser <span style=\"font-weight: bold;\"><span style=\"font-style: italic;\">Optimizados<\/span><\/span>, para que cumpla con ciertas funciones dentro del Sitio. Por esta raz\u00f3n Nosotros no Creamos el contenido de tu Sitio Web, pero si podemos hacer las sugerencias perinentes para que el <span style=\"font-weight: bold;\"><span style=\"font-style: italic;\">Contenido sea Relevante<\/span><\/span>.<\/p>\n\n<p style=\"padding-left: 30px;\"><a href=\"#iniciopreguntas\">Ir al inicio<\/a><\/p>\n\n<p style=\"padding-left: 30px;\"><br><\/p><a id=\"p10\" name=\"p10\"><\/a> <span style=\"color: #3366FF;\">P10.\u00bfQu\u00e9 formas de pago Aceptan?<\/span>\n\n<p style=\"padding-left: 20px;\"><span style=\"color: #3366ff;\"><span style=\"color: #000000;\">&nbsp;&nbsp; &nbsp; &nbsp;Aceptamos los siguientes sistemas de Pago:<br><\/span><\/span><\/p>\n\n<ul>\n    <li><span style=\"font-size: 18px;\">&nbsp;Transferencia Electr\u00f3nica de Fondos.<\/span><\/li>\n\n    <li><span style=\"font-size: 18px;\">&nbsp;Dep\u00f3sito Bancario ( Cheque o Efectivo ).<\/span><\/li>\n\n    <li><span style=\"font-size: 18px;\">&nbsp;Pago Con Tarjeta de Cr\u00e9dito o D\u00e9bito en linea con Paypal.<\/span><\/li>\n<\/ul>\n\n<p style=\"padding-left: 20px;\">&nbsp;&nbsp; &nbsp;Si vas a Efectuar tu Pago por medio de Pay -Pal, se requiere cubrir el 100% del monto del Paquete. &nbsp;En las Otras Opciones, puedes realizar un Anticipo del 50% y la Liquidaci\u00f3n del 100% debe hacerse antes de que tu <span style=\"font-weight: bold;\"><span style=\"font-style: italic;\">P\u00e1gina Web<\/span><\/span> se suba al Servidor definitivo y se contraten los Servisios de <span style=\"font-weight: bold;\">Dominio y Web Hosting<\/span>. Si estas fuera de la Rap\u00fablica Mexicana y estas Opciones no se Adaptan a tus Necesidades, ponte en contacto con Nosostros para Ofrecerte alternativas para que efect\u00faes tu Pago Correspondiente.<\/p>\n\n<p style=\"padding-left: 30px;\"><a href=\"#iniciopreguntas\">Ir al inicio<\/a><\/p>\n\n<p style=\"padding-left: 30px;\"><br><\/p><a id=\"p11\" name=\"p10\"><\/a> <span style=\"color: #3366FF;\">P11.\u00bfAl Liquidar el Proyecto de mi <span style=\"font-weight: bold;\"><span style=\"font-style: italic;\">P\u00e1gina Web<\/span><\/span>, aparecer\u00e9 Inmediatamente en los Resultados de <span style=\"font-weight: bold;\"><span style=\"font-style: italic;\">Google<\/span><\/span>?<\/span>\n\n<p style=\"padding-left: 20px;\"><span style=\"color: #3366ff;\"><span style=\"color: #000000;\">&nbsp;&nbsp; &nbsp; &nbsp; Definitivamente NO. Cuando tu <span style=\"font-weight: bold;\"><span style=\"font-style: italic;\">P\u00e1gina Web<\/span><\/span> se Sube al Servidor, el proceso de <span style=\"font-weight: bold;\"><span style=\"font-style: italic;\">Optimizaci\u00f3n<\/span><\/span> a\u00fan no est\u00e1 concluido. Tu <span style=\"font-weight: bold;\"><span style=\"font-style: italic;\">P\u00e1gina Web<\/span><\/span> ser\u00e1 Indexada por <span style=\"font-weight: bold;\"><span style=\"font-style: italic;\">Google<\/span><\/span> en Una o Dos Semanas. Los Resultados del Trabajo de <span style=\"font-weight: bold;\"><span style=\"font-style: italic;\">Optimizaci\u00f3n<\/span><\/span> se Podr\u00e1n Empezar a Notar a Partir de 4 a 8 Semanas de que fu\u00e9 Indexada tu <span style=\"font-weight: bold;\"><span style=\"font-style: italic;\">P\u00e1gina Web<\/span><\/span> por los Robots de <span style=\"font-weight: bold;\"><span style=\"font-style: italic;\">Google.<\/span><\/span><\/span><\/span><\/p>\n\n<p style=\"padding-left: 30px;\"><a href=\"#iniciopreguntas\">Ir al inicio<\/a><\/p>\n\n<p style=\"padding-left: 30px;\"><br><\/p><a id=\"p10\" name=\"p12\"><\/a> <span style=\"color: #3366FF;\">P12.\u00bfUstedes me Garantizan Aparecer en la Primera <span style=\"font-weight: bold;\"><span style=\"font-style: italic;\">P\u00e1gina<\/span><\/span> de Resultados de&nbsp;<span style=\"font-weight: bold;\"><span style=\"font-style: italic;\">Google<\/span><\/span> en 8 Semanas para las Frases o Palabras Claves que yo decida?<\/span>\n\n<p style=\"padding-left: 20px;\"><span style=\"color: #3366ff;\"><span style=\"color: #000000;\">&nbsp;&nbsp; &nbsp; &nbsp;Desafortunadamente NO lo podemos hacer. &nbsp; &nbsp;Sin embargo los Resultados que se Obtienen son muy Relevantes y en Muchos de los Casos si es Posible Lograrlo. Esto va a Depender de la Competencia que Exista en el Mercado al cual se quiera Introducir, las Palabras Claves Seleccionadas y Muchos Otros Factores Adicionales. Otra parte determinante en el <span style=\"font-weight: bold;\"><span style=\"font-style: italic;\">Posicionamiento de un Sitio Web<\/span><\/span> con MAS COMPETENCIA es la <span style=\"font-weight: bold;\"><span style=\"font-style: italic;\">Optimizaci\u00f3n Externa<\/span><\/span>, la cual no va Incluida en estos Paquetes. Pide Informaci\u00f3n sobre la <a href=\"\/mi-pagina-web\" title=\"Pedir Informaci\u00f3n sobre Optimizaci\u00f3n Externa\">Optimizaci\u00f3n Externa<\/a>.<\/span><\/span><\/p>\n\n<p style=\"padding-left: 20px;\"><span style=\"color: #3366ff;\"><span style=\"color: #000000;\"><\/span><\/span><a href=\"#iniciopreguntas\">Ir al inicio<\/a><\/p>\n\n<p style=\"padding-left: 20px;\"><br><\/p>\n\n\n\n<p><\/p>\n\n\n\n<p><\/p>\n\n\n\n<p><\/p>\n\n\n\n<p><\/p>\n","protected":false},"excerpt":{"rendered":"<p>PREGUNTAS SOBRE MI PAGINA WEB, DOMINIO, &nbsp;HOSTING Y OPTIMIZACION &nbsp;&nbsp;Esta secci\u00f3n esta creada para Resolver las Preguntas m\u00e1s Frecuentes Relacionas con: &nbsp;www.mi-pagina-web.superaciondigital.com&nbsp; &nbsp;&nbsp; &nbsp; &nbsp;Revisa si en esta Base&nbsp;de datos se encuentra tu Pregunta o de lo contrario Puedes mandarnos tu Inquietud y ser\u00e1 contestada a la Brevedad. PREGUNTAS P1.\u00bfQu\u00e9 es un Dominio? P2.\u00bfCu\u00e1l es [&hellip;]<\/p>\n","protected":false},"author":1,"featured_media":0,"parent":0,"menu_order":0,"comment_status":"closed","ping_status":"closed","template":"","meta":[],"yoast_head":"<!-- This site is optimized with the Yoast SEO plugin v15.7 - https:\/\/yoast.com\/wordpress\/plugins\/seo\/ -->\n<meta name=\"robots\" content=\"index, follow, max-snippet:-1, max-image-preview:large, max-video-preview:-1\" \/>\n<link rel=\"canonical\" href=\"https:\/\/mi-pagina-web.superaciondigital.com\/index.php\/faqs-hosting-dominio-y-optimizacion\/\" \/>\n<meta property=\"og:locale\" content=\"es_ES\" \/>\n<meta property=\"og:type\" content=\"article\" \/>\n<meta property=\"og:title\" content=\"FAQS Hosting, Dominio y Optimizaci\u00f3n - Mi Pagina Web\" \/>\n<meta property=\"og:description\" content=\"PREGUNTAS SOBRE MI PAGINA WEB, DOMINIO, &nbsp;HOSTING Y OPTIMIZACION &nbsp;&nbsp;Esta secci\u00f3n esta creada para Resolver las Preguntas m\u00e1s Frecuentes Relacionas con: &nbsp;www.mi-pagina-web.superaciondigital.com&nbsp; &nbsp;&nbsp; &nbsp; &nbsp;Revisa si en esta Base&nbsp;de datos se encuentra tu Pregunta o de lo contrario Puedes mandarnos tu Inquietud y ser\u00e1 contestada a la Brevedad. PREGUNTAS P1.\u00bfQu\u00e9 es un Dominio? P2.\u00bfCu\u00e1l es [&hellip;]\" \/>\n<meta property=\"og:url\" content=\"https:\/\/mi-pagina-web.superaciondigital.com\/index.php\/faqs-hosting-dominio-y-optimizacion\/\" \/>\n<meta property=\"og:site_name\" content=\"Mi Pagina Web\" \/>\n<meta property=\"article:modified_time\" content=\"2021-01-23T03:05:05+00:00\" \/>\n<meta property=\"og:image\" content=\"http:\/\/mi-pagina-web.superaciondigital.com\/wp-content\/uploads\/2021\/01\/Tablet7-Preguntas-2.jpg\" \/>\n<meta name=\"twitter:card\" content=\"summary_large_image\" \/>\n<meta name=\"twitter:label1\" content=\"Tiempo de lectura\">\n\t<meta name=\"twitter:data1\" content=\"7 minutos\">\n<script type=\"application\/ld+json\" class=\"yoast-schema-graph\">{\"@context\":\"https:\/\/schema.org\",\"@graph\":[{\"@type\":[\"Person\",\"Organization\"],\"@id\":\"https:\/\/mi-pagina-web.superaciondigital.com\/#\/schema\/person\/26f6d3622d5c59a477c85dbc203fb8a6\",\"name\":\"JuanGonzalez\",\"image\":{\"@type\":\"ImageObject\",\"@id\":\"https:\/\/mi-pagina-web.superaciondigital.com\/#personlogo\",\"inLanguage\":\"es\",\"url\":\"https:\/\/secure.gravatar.com\/avatar\/f8a642bf8a0d23b0694fc85caf2bee0c?s=96&d=mm&r=g\",\"caption\":\"JuanGonzalez\"},\"logo\":{\"@id\":\"https:\/\/mi-pagina-web.superaciondigital.com\/#personlogo\"},\"sameAs\":[\"http:\/\/mi-pagina-web.superaciondigital.com\"]},{\"@type\":\"WebSite\",\"@id\":\"https:\/\/mi-pagina-web.superaciondigital.com\/#website\",\"url\":\"https:\/\/mi-pagina-web.superaciondigital.com\/\",\"name\":\"Mi Pagina Web\",\"description\":\"Dominio, Hosting y Optimizaci\\u00f3n al Mejor Precio\",\"publisher\":{\"@id\":\"https:\/\/mi-pagina-web.superaciondigital.com\/#\/schema\/person\/26f6d3622d5c59a477c85dbc203fb8a6\"},\"potentialAction\":[{\"@type\":\"SearchAction\",\"target\":\"https:\/\/mi-pagina-web.superaciondigital.com\/?s={search_term_string}\",\"query-input\":\"required name=search_term_string\"}],\"inLanguage\":\"es\"},{\"@type\":\"ImageObject\",\"@id\":\"https:\/\/mi-pagina-web.superaciondigital.com\/index.php\/faqs-hosting-dominio-y-optimizacion\/#primaryimage\",\"inLanguage\":\"es\",\"url\":\"http:\/\/mi-pagina-web.superaciondigital.com\/wp-content\/uploads\/2021\/01\/Tablet7-Preguntas-2.jpg\"},{\"@type\":\"WebPage\",\"@id\":\"https:\/\/mi-pagina-web.superaciondigital.com\/index.php\/faqs-hosting-dominio-y-optimizacion\/#webpage\",\"url\":\"https:\/\/mi-pagina-web.superaciondigital.com\/index.php\/faqs-hosting-dominio-y-optimizacion\/\",\"name\":\"FAQS Hosting, Dominio y Optimizaci\\u00f3n - Mi Pagina Web\",\"isPartOf\":{\"@id\":\"https:\/\/mi-pagina-web.superaciondigital.com\/#website\"},\"primaryImageOfPage\":{\"@id\":\"https:\/\/mi-pagina-web.superaciondigital.com\/index.php\/faqs-hosting-dominio-y-optimizacion\/#primaryimage\"},\"datePublished\":\"2021-01-23T00:47:23+00:00\",\"dateModified\":\"2021-01-23T03:05:05+00:00\",\"inLanguage\":\"es\",\"potentialAction\":[{\"@type\":\"ReadAction\",\"target\":[\"https:\/\/mi-pagina-web.superaciondigital.com\/index.php\/faqs-hosting-dominio-y-optimizacion\/\"]}]}]}<\/script>\n<!-- \/ Yoast SEO plugin. -->","_links":{"self":[{"href":"https:\/\/mi-pagina-web.superaciondigital.com\/index.php\/wp-json\/wp\/v2\/pages\/20"}],"collection":[{"href":"https:\/\/mi-pagina-web.superaciondigital.com\/index.php\/wp-json\/wp\/v2\/pages"}],"about":[{"href":"https:\/\/mi-pagina-web.superaciondigital.com\/index.php\/wp-json\/wp\/v2\/types\/page"}],"author":[{"embeddable":true,"href":"https:\/\/mi-pagina-web.superaciondigital.com\/index.php\/wp-json\/wp\/v2\/users\/1"}],"replies":[{"embeddable":true,"href":"https:\/\/mi-pagina-web.superaciondigital.com\/index.php\/wp-json\/wp\/v2\/comments?post=20"}],"version-history":[{"count":3,"href":"https:\/\/mi-pagina-web.superaciondigital.com\/index.php\/wp-json\/wp\/v2\/pages\/20\/revisions"}],"predecessor-version":[{"id":70,"href":"https:\/\/mi-pagina-web.superaciondigital.com\/index.php\/wp-json\/wp\/v2\/pages\/20\/revisions\/70"}],"wp:attachment":[{"href":"https:\/\/mi-pagina-web.superaciondigital.com\/index.php\/wp-json\/wp\/v2\/media?parent=20"}],"curies":[{"name":"wp","href":"https:\/\/api.w.org\/{rel}","templated":true}]}}